{"id":13,"date":"2021-03-15T09:09:36","date_gmt":"2021-03-15T09:09:36","guid":{"rendered":"https:\/?page_id=13"},"modified":"2024-03-15T07:05:05","modified_gmt":"2024-03-15T07:05:05","slug":"empresa","status":"publish","type":"page","link":"https:\/\/comercialeitua.com\/?page_id=13","title":{"rendered":"EMPRESA"},"content":{"rendered":"<h2>PRESENTACI\u00d3N<\/h2>\n<p>Felicidad no es hacer lo que uno quiere,<br \/>sino amar lo que uno hace.<\/p>\n<p>Desde el a\u00f1o 1889 y a lo largo de varias generaciones hemos ido consolidando nuestra empresa.<\/p>\n<p>Este ha sido el fruto del esfuerzo de todas las personas que la formamos y que la sentimos como parte indisoluble de nuestras vidas y gracias de una forma muy especial a la fidelidad de nuestros clientes.<\/p>\n<p>Hemos aportado un buen servicio a la sociedad fabricando productos para la limpieza de reconocida calidad.<\/p>\n<p>As\u00ed lo demuestran las ventas conseguidas en nuestro pa\u00eds y fuera de nuestras fronteras, singularmente en estos \u00faltimos a\u00f1os con una notable expansi\u00f3n internacional.<\/p>\n<p>Jose Ignacio.<br \/>Presidente<\/p>\n<p>\t\t\t\t\t\t\t\t\t\t\t\t\t<img loading=\"lazy\" decoding=\"async\" width=\"207\" height=\"189\" src=\"\/wp-content\/uploads\/2021\/04\/ff.png\" alt=\"\" \/><br \/>\n\t\t\t\t\t\t\t\t\t\t\t\t\t<img loading=\"lazy\" decoding=\"async\" width=\"321\" height=\"225\" src=\"\/wp-content\/uploads\/2021\/04\/gg.png\" alt=\"\" srcset=\"\/wp-content\/uploads\/2021\/04\/gg.png 321w, \/wp-content\/uploads\/2021\/04\/gg-300x210.png 300w\" sizes=\"auto, (max-width: 321px) 100vw, 321px\" \/>\t\t\t\t\t\t\t\t\t\t\t\t\t<\/p>\n<h2>PASI\u00d3N POR I+D+I<\/h2>\n<p>Sabemos que apostar por I+D+I es el camino correcto para proporcionar a nuestros clientes los productos m\u00e1s adecuados e id\u00f3neos para cada mercado.<\/p>\n<p>Nos centramos en dos \u00e1reas espec\u00edficas. Por un lado crear y desarrollar nuevos productos, trasladar al mercado los \u00faltimos avances en I+D+I de una forma atractiva y comercialmente eficaz. Por otro, optimizar los costes y la funcionalidad de las referencias que ya se comercializan, ofrecer a nuestros clientes productos tan competitivos como eficaces.<\/p>\n<h6>Ofrecemos un cat\u00e1logo de m\u00e1s de 800 referencias distribuidas en casi 40 categor\u00edas diferentes dentro de la droguer\u00eda y la perfumer\u00eda. Con nuestras marcas seleccinadas con la mejor relaci\u00f3n calidad\/precio, cubrimos pr\u00e1cticamente todas las necesidades del hogar y el sector profesional, con m\u00faltiples posibilidades en formatos, calidadesy aplicaciones.<\/h6>\n<h6>Fundada en 1968, Comercial Eitua es una empresa consolidada que pertenece al grupo Global Care con 50 a\u00f1os de experiencia dedicados al sector de la droguer\u00eda y la perfumer\u00eda en todo su abanico.<br \/>\nComercial Eitua naci\u00f3 como una empresa familiar y, con el tiempo, se ha convertido en una gran compa\u00f1\u00eda lider en su sector.<\/h6>\n","protected":false},"excerpt":{"rendered":"<p>PRESENTACI\u00d3N Felicidad no es hacer lo que uno quiere,sino amar lo que uno hace. Desde el a\u00f1o 1889 y a &hellip; <\/p>\n","protected":false},"author":2,"featured_media":0,"parent":0,"menu_order":0,"comment_status":"closed","ping_status":"closed","template":"","meta":{"footnotes":""},"class_list":["post-13","page","type-page","status-publish","hentry"],"_links":{"self":[{"href":"https:\/\/comercialeitua.com\/index.php?rest_route=\/wp\/v2\/pages\/13","targetHints":{"allow":["GET"]}}],"collection":[{"href":"https:\/\/comercialeitua.com\/index.php?rest_route=\/wp\/v2\/pages"}],"about":[{"href":"https:\/\/comercialeitua.com\/index.php?rest_route=\/wp\/v2\/types\/page"}],"author":[{"embeddable":true,"href":"https:\/\/comercialeitua.com\/index.php?rest_route=\/wp\/v2\/users\/2"}],"replies":[{"embeddable":true,"href":"https:\/\/comercialeitua.com\/index.php?rest_route=%2Fwp%2Fv2%2Fcomments&post=13"}],"version-history":[{"count":82,"href":"https:\/\/comercialeitua.com\/index.php?rest_route=\/wp\/v2\/pages\/13\/revisions"}],"predecessor-version":[{"id":4625,"href":"https:\/\/comercialeitua.com\/index.php?rest_route=\/wp\/v2\/pages\/13\/revisions\/4625"}],"wp:attachment":[{"href":"https:\/\/comercialeitua.com\/index.php?rest_route=%2Fwp%2Fv2%2Fmedia&parent=13"}],"curies":[{"name":"wp","href":"https:\/\/api.w.org\/{rel}","templated":true}]}}