{"id":2656,"date":"2021-04-06T09:51:46","date_gmt":"2021-04-06T09:51:46","guid":{"rendered":"https:\/?page_id=2656"},"modified":"2024-03-14T09:08:11","modified_gmt":"2024-03-14T09:08:11","slug":"aviso-legal","status":"publish","type":"page","link":"https:\/\/comercialeitua.com\/?page_id=2656","title":{"rendered":"Aviso Legal"},"content":{"rendered":"<p>\u00a0<\/p>\n<p>Comercial EITUA,\u00a0 sitio en\u00a0Pol. Ind. Tra\u00f1apadura, 48220 6\u00a0(Bizkaia) ESPA\u00d1A, es titular de los derechos de propiedad intelectual sobre las im\u00e1genes, textos, dise\u00f1os, animaciones, o cualquier otro contenido o elementos de este website, o dispone de los permisos necesarios para su utilizaci\u00f3n.<\/p>\n<p>Cualquier acto de reproducci\u00f3n, distribuci\u00f3n, comunicaci\u00f3n p\u00fablica, puesta a disposici\u00f3n, o transformaci\u00f3n, as\u00ed como cualquier otra forma de explotaci\u00f3n de todo o parte de dichos contenidos o elementos, realizado bajo cualquier forma o mediante cualquier medio, requerir\u00e1 el consentimiento previo y por escrito de Comercial EITUA.<\/p>\n<p>Comercial EITUA podr\u00e1 realizar modificaciones al contenido de este website sin previo aviso, tanto en lo referente a la informaci\u00f3n de sus productos o servicios, seg\u00fan vaya ampliando y mejorando su oferta, como en relaci\u00f3n a cualquier otro elemento que forme parte del mismo. El contenido de este website es informativo, por lo que ni Comercial EITUA ni las empresas en las que \u00e9sta participa, otorgan garant\u00eda alguna sobre la exactitud, integridad o veracidad de la informaci\u00f3n, propia o de terceros, contenida en este website. Comercial EITUA y las operadoras en las que \u00e9sta participa no son responsables de cualquier da\u00f1o directo o indirecto que pueda ocasionar la exactitud, integridad o veracidad de dicha informaci\u00f3n, as\u00ed como tampoco del uso del contenido o elementos de este website.<\/p>\n<p>Este website puede contener enlaces a p\u00e1ginas externas, no siendo ni Comercial EITUA ni las empresas citadas, responsables del contenido de dichas p\u00e1ginas externas ni de cualquier otro aspecto relacionado con las mismas.<\/p>\n","protected":false},"excerpt":{"rendered":"<p>\u00a0 Comercial EITUA,\u00a0 sitio en\u00a0Pol. Ind. Tra\u00f1apadura, 48220 6\u00a0(Bizkaia) ESPA\u00d1A, es titular de los derechos de propiedad intelectual sobre las &hellip; <\/p>\n","protected":false},"author":2,"featured_media":0,"parent":0,"menu_order":0,"comment_status":"closed","ping_status":"closed","template":"","meta":{"footnotes":""},"class_list":["post-2656","page","type-page","status-publish","hentry"],"_links":{"self":[{"href":"https:\/\/comercialeitua.com\/index.php?rest_route=\/wp\/v2\/pages\/2656","targetHints":{"allow":["GET"]}}],"collection":[{"href":"https:\/\/comercialeitua.com\/index.php?rest_route=\/wp\/v2\/pages"}],"about":[{"href":"https:\/\/comercialeitua.com\/index.php?rest_route=\/wp\/v2\/types\/page"}],"author":[{"embeddable":true,"href":"https:\/\/comercialeitua.com\/index.php?rest_route=\/wp\/v2\/users\/2"}],"replies":[{"embeddable":true,"href":"https:\/\/comercialeitua.com\/index.php?rest_route=%2Fwp%2Fv2%2Fcomments&post=2656"}],"version-history":[{"count":10,"href":"https:\/\/comercialeitua.com\/index.php?rest_route=\/wp\/v2\/pages\/2656\/revisions"}],"predecessor-version":[{"id":4494,"href":"https:\/\/comercialeitua.com\/index.php?rest_route=\/wp\/v2\/pages\/2656\/revisions\/4494"}],"wp:attachment":[{"href":"https:\/\/comercialeitua.com\/index.php?rest_route=%2Fwp%2Fv2%2Fmedia&parent=2656"}],"curies":[{"name":"wp","href":"https:\/\/api.w.org\/{rel}","templated":true}]}}